{"id":5914,"date":"2022-09-14T16:38:45","date_gmt":"2022-09-14T14:38:45","guid":{"rendered":"https:\/\/www.histriaproject.com\/proizvodi\/"},"modified":"2025-12-12T15:16:32","modified_gmt":"2025-12-12T14:16:32","slug":"proizvodi","status":"publish","type":"page","link":"https:\/\/www.histriaproject.com\/hr\/proizvodi\/","title":{"rendered":"Proizvodi"},"content":{"rendered":"<p><div id=\"down1\" class=\"et_d4_element et_pb_section et_pb_section_0 et_pb_with_background  et_pb_css_mix_blend_mode et_section_regular et_block_section\" >\n\t\t\t\t\n\t\t\t\t\n\t\t\t\t\n\t\t\t\t\n\t\t\t\t\n\t\t\t\t\n\t\t\t\t<div class=\"et_d4_element et_pb_row et_pb_row_0  et_pb_css_mix_blend_mode et_block_row\">\n\t\t\t\t<div class=\"et_d4_element et_pb_column_4_4 et_pb_column et_pb_column_0  et_pb_css_mix_blend_mode et-last-child et_block_column\">\n\t\t\t\t\n\t\t\t\t\n\t\t\t\t\n\t\t\t\t\n\t\t\t\t<div class=\"et_pb_module et_d4_element dsm_animated_gradient_text dsm_animated_gradient_text_0 et_animated\">\n\t\t\t\t\n\t\t\t\t\n\t\t\t\t\n\t\t\t\t\n\t\t\t\t\n\t\t\t\t\n\t\t\t\t<div class=\"et_pb_module_inner\">\n\t\t\t\t\t<h1 class=\"dsm-animated-gradient-text et_pb_module_header\">ASORTIMAN<\/h1>\n\t\t\t\t<\/div>\n\t\t\t<\/div><div class=\"et_pb_module et_d4_element dsm_text_path dsm_text_path_0 et_animated\">\n\t\t\t\t\n\t\t\t\t\n\t\t\t\t\n\t\t\t\t\n\t\t\t\t\n\t\t\t\t\n\t\t\t\t<div class=\"et_pb_module_inner\">\n\t\t\t\t\t\n\t\t\t<div class=\"dsm-text-path-container dsm-default\">\n\t\t\t\t<svg xmlns=\"http:\/\/www.w3.org\/2000\/svg\" width=\"250.5\" height=\"250.5\" viewBox=\"0 0 250.5 250.5\">\n\t\t\t\t\t\t\t\t\t\t\t\t<path d=\"M.25,125.25a125,125,0,1,1,125,125,125,125,0,0,1-125-125\" id=\"dsm-path-circle\"><\/path>\n\t\t\t\t\t\t\t\t\t\t\t\t<text>\n\t\t\t\t\t\t\t\t\t\t\t\t\t<textPath href=\"#dsm-path-circle\" startOffset=\"0%\">When you need something completely different.<\/textPath>\n\t\t\t\t\t\t\t\t\t\t\t\t<\/text>\n\t\t\t\t\t\t\t\t\t\t\t<\/svg>\n\t\t\t\t\t\t\t\t\t\t\t  \n\t\t\t<\/div>\n\t\t\t\t<\/div>\n\t\t\t<\/div>\n\t\t\t<\/div>\n\t\t\t\t\n\t\t\t\t\n\t\t\t\t\n\t\t\t\t\n\t\t\t<\/div><div id=\"down\" class=\"et_d4_element et_pb_row et_pb_row_1 et_pb_gutters1  et_pb_css_mix_blend_mode et_block_row\">\n\t\t\t\t<div class=\"et_d4_element et_pb_column_4_4 et_pb_column et_pb_column_1  et_pb_css_mix_blend_mode et-last-child et_block_column\">\n\t\t\t\t\n\t\t\t\t\n\t\t\t\t\n\t\t\t\t\n\t\t\t\t<div class=\"et_pb_module et_d4_element dsm_card_carousel dsm_card_carousel_0 et_animated dsm_card_carousel_layout_stacked  dsm_card_carousel_equal_height  dsm-card-button-alignment dsm-card-button-alignment-top dsm_card_carousel_arrow_outside dsm_card_carousel_arrow_mobile_inside\">\n\t\t\t\t\n\t\t\t\t\n\t\t\t\t\n\t\t\t\t\n\t\t\t\t\n\t\t\t\t\n\t\t\t\t<div class=\"et_pb_module_inner\">\n\t\t\t\t\t\n\t\t\t\n\t\t\t<div class=\"swiper-container dsm_card_carousel_wrapper\" dir=\"ltr\" data-params=\"[{&quot;direction&quot;:&quot;horizontal&quot;,&quot;effect&quot;:&quot;coverflow&quot;,&quot;slider_effect_shadows&quot;:false,&quot;slider_effect_coverflow_rotate&quot;:&quot;30&quot;,&quot;slider_effect_coverflow_depth&quot;:&quot;104&quot;,&quot;loop&quot;:true,&quot;infinite_smooth_scrolling&quot;:false,&quot;slide_to_show&quot;:&quot;4&quot;,&quot;slide_to_show_tablet&quot;:&quot;1&quot;,&quot;slide_to_show_phone&quot;:&quot;1&quot;,&quot;slide_to_scroll&quot;:&quot;1&quot;,&quot;slide_to_scroll_tablet&quot;:&quot;1&quot;,&quot;slide_to_scroll_phone&quot;:&quot;1&quot;,&quot;space_between&quot;:&quot;13&quot;,&quot;space_between_tablet&quot;:&quot;13&quot;,&quot;space_between_phone&quot;:&quot;13&quot;,&quot;centered_slides&quot;:true,&quot;multiple_slide_row&quot;:&quot;off&quot;,&quot;slide_row&quot;:&quot;1&quot;,&quot;slide_row_tablet&quot;:&quot;1&quot;,&quot;slide_row_phone&quot;:&quot;1&quot;,&quot;speed&quot;:&quot;600&quot;,&quot;autoplay&quot;:true,&quot;autoplay_speed&quot;:&quot;2000&quot;,&quot;autoplay_viewport&quot;:&quot;80%&quot;,&quot;touch_move&quot;:true,&quot;grab&quot;:true,&quot;pause_on_hover&quot;:true,&quot;mousewheel&quot;:false,&quot;auto_height&quot;:true,&quot;equal_height&quot;:true,&quot;equal_height_tablet&quot;:true,&quot;equal_height_phone&quot;:true}]\">\n\t\t\t<div class=\"swiper-wrapper\"><div class=\"et_d4_element dsm_card_carousel_child dsm_card_carousel_child_0 et_clickable dsm_card_carousel_child_image_animation dsm_card_carousel_child_image_animation_zoom_in swiper-slide\">\n\t\t\t\t\n\t\t\t\t\n\t\t\t\t\n\t\t\t\t\n\t\t\t\t\n\t\t\t\t\n\t\t\t\t<div class=\"et_pb_module_inner\">\n\t\t\t\t\t\n\t\t\t\n\t\t\t<figure class=\"dsm_card_carousel_child_image_wrapper dsm_card_carousel_child_badge_center\"><div class=\"dsm_card_carousel_child_image_background dsm_card_carousel_child_img\"><\/div><a href=\"https:\/\/www.histriaproject.com\/fiandre\/\" class=\"dsm_card_carousel_child_badge_text\">Info<\/a><\/figure>\n\t\t\t<div class=\"dsm_card_wrapper et_pb_text_align_justified et_pb_bg_layout_dark\">\n\t\t\t\t\t<h4 class=\"dsm_card_title et_pb_module_header\">FIANDRE<\/h4>\n\t\t\t\t\t<div class=\"dsm_card_carousel_child_subtitle\">Fiandre je vode\u0107a tvrtka u proizvodnji keramike, s uredima u preko 100 zemalja svijeta.<\/div>\n\t\t\t\t\t\n\t\t\t\t\t\n\t\t\t\t<\/div>\n\t\t\t\t<\/div>\n\t\t\t<\/div><div class=\"et_d4_element dsm_card_carousel_child dsm_card_carousel_child_1 et_clickable dsm_card_carousel_child_image_animation dsm_card_carousel_child_image_animation_zoom_in swiper-slide\">\n\t\t\t\t\n\t\t\t\t\n\t\t\t\t\n\t\t\t\t\n\t\t\t\t\n\t\t\t\t\n\t\t\t\t<div class=\"et_pb_module_inner\">\n\t\t\t\t\t\n\t\t\t\n\t\t\t<figure class=\"dsm_card_carousel_child_image_wrapper dsm_card_carousel_child_badge_center\"><div class=\"dsm_card_carousel_child_image_background dsm_card_carousel_child_img\"><\/div><a href=\"https:\/\/www.histriaproject.com\/keope\/\" class=\"dsm_card_carousel_child_badge_text\">Info<\/a><\/figure>\n\t\t\t<div class=\"dsm_card_wrapper et_pb_text_align_justified et_pb_bg_layout_dark\">\n\t\t\t\t\t<h4 class=\"dsm_card_title et_pb_module_header\">KEOPE<\/h4>\n\t\t\t\t\t<div class=\"dsm_card_carousel_child_subtitle\">Glavna proizvodnja cjelokupne keramike u potpunosti se odvija u Italiji i ponosno nosi za\u0161titni znak Made in Italy.<\/div>\n\t\t\t\t\t\n\t\t\t\t\t\n\t\t\t\t<\/div>\n\t\t\t\t<\/div>\n\t\t\t<\/div><div class=\"et_d4_element dsm_card_carousel_child dsm_card_carousel_child_2 et_clickable dsm_card_carousel_child_image_animation dsm_card_carousel_child_image_animation_zoom_in swiper-slide\">\n\t\t\t\t\n\t\t\t\t\n\t\t\t\t\n\t\t\t\t\n\t\t\t\t\n\t\t\t\t\n\t\t\t\t<div class=\"et_pb_module_inner\">\n\t\t\t\t\t\n\t\t\t\n\t\t\t<figure class=\"dsm_card_carousel_child_image_wrapper dsm_card_carousel_child_badge_center\"><div class=\"dsm_card_carousel_child_image_background dsm_card_carousel_child_img\"><\/div><a href=\"https:\/\/www.histriaproject.com\/laminam\/\" class=\"dsm_card_carousel_child_badge_text\">Info<\/a><\/figure>\n\t\t\t<div class=\"dsm_card_wrapper et_pb_text_align_justified et_pb_bg_layout_dark\">\n\t\t\t\t\t<h4 class=\"dsm_card_title et_pb_module_header\">LAMINAM<\/h4>\n\t\t\t\t\t<div class=\"dsm_card_carousel_child_subtitle\">Pretvorite svoj prostor u remek-djelo. Jedino ograni\u010denje je va\u0161a ma\u0161ta.<\/div>\n\t\t\t\t\t\n\t\t\t\t\t\n\t\t\t\t<\/div>\n\t\t\t\t<\/div>\n\t\t\t<\/div><div class=\"et_d4_element dsm_card_carousel_child dsm_card_carousel_child_3 et_clickable dsm_card_carousel_child_image_animation dsm_card_carousel_child_image_animation_zoom_in swiper-slide\">\n\t\t\t\t\n\t\t\t\t\n\t\t\t\t\n\t\t\t\t\n\t\t\t\t\n\t\t\t\t\n\t\t\t\t<div class=\"et_pb_module_inner\">\n\t\t\t\t\t\n\t\t\t\n\t\t\t<figure class=\"dsm_card_carousel_child_image_wrapper dsm_card_carousel_child_badge_center\"><div class=\"dsm_card_carousel_child_image_background dsm_card_carousel_child_img\"><\/div><a href=\"https:\/\/www.histriaproject.com\/panaria\/\" class=\"dsm_card_carousel_child_badge_text\">Info<\/a><\/figure>\n\t\t\t<div class=\"dsm_card_wrapper et_pb_text_align_justified et_pb_bg_layout_dark\">\n\t\t\t\t\t<h4 class=\"dsm_card_title et_pb_module_header\">PANARIA<\/h4>\n\t\t\t\t\t<div class=\"dsm_card_carousel_child_subtitle\">Lijepo je osje\u0107ati se kao u svom domu.<\/div>\n\t\t\t\t\t\n\t\t\t\t\t\n\t\t\t\t<\/div>\n\t\t\t\t<\/div>\n\t\t\t<\/div><div class=\"et_d4_element dsm_card_carousel_child dsm_card_carousel_child_4 et_clickable dsm_card_carousel_child_image_animation dsm_card_carousel_child_image_animation_zoom_in swiper-slide\">\n\t\t\t\t\n\t\t\t\t\n\t\t\t\t\n\t\t\t\t\n\t\t\t\t\n\t\t\t\t\n\t\t\t\t<div class=\"et_pb_module_inner\">\n\t\t\t\t\t\n\t\t\t\n\t\t\t<figure class=\"dsm_card_carousel_child_image_wrapper dsm_card_carousel_child_badge_center\"><div class=\"dsm_card_carousel_child_image_background dsm_card_carousel_child_img\"><\/div><a href=\"https:\/\/www.histriaproject.com\/fap-cheramiche\/\" class=\"dsm_card_carousel_child_badge_text\">Info<\/a><\/figure>\n\t\t\t<div class=\"dsm_card_wrapper et_pb_text_align_justified et_pb_bg_layout_dark\">\n\t\t\t\t\t<h4 class=\"dsm_card_title et_pb_module_header\">FAP CERAMICHE<\/h4>\n\t\t\t\t\t<div class=\"dsm_card_carousel_child_subtitle\">Svjetski su poznati po velikom izboru podne i zidne keramike, kreirane sa stilom i stra\u0161\u0107u prema dizajnu.<\/div>\n\t\t\t\t\t\n\t\t\t\t\t\n\t\t\t\t<\/div>\n\t\t\t\t<\/div>\n\t\t\t<\/div><div class=\"et_d4_element dsm_card_carousel_child dsm_card_carousel_child_5 et_clickable dsm_card_carousel_child_image_animation dsm_card_carousel_child_image_animation_zoom_in swiper-slide\">\n\t\t\t\t\n\t\t\t\t\n\t\t\t\t\n\t\t\t\t\n\t\t\t\t\n\t\t\t\t\n\t\t\t\t<div class=\"et_pb_module_inner\">\n\t\t\t\t\t\n\t\t\t\n\t\t\t<figure class=\"dsm_card_carousel_child_image_wrapper dsm_card_carousel_child_badge_center\"><div class=\"dsm_card_carousel_child_image_background dsm_card_carousel_child_img\"><\/div><a href=\"https:\/\/www.histriaproject.com\/petra-antiqua\/\" class=\"dsm_card_carousel_child_badge_text\">Info<\/a><\/figure>\n\t\t\t<div class=\"dsm_card_wrapper et_pb_text_align_justified et_pb_bg_layout_dark\">\n\t\t\t\t\t<h4 class=\"dsm_card_title et_pb_module_header\">PETRA ANTIQUA<\/h4>\n\t\t\t\t\t<div class=\"dsm_card_carousel_child_subtitle\">Kamen izme\u0111u umjetnosti i strasti dizajniran da pru\u017ei jedinstven osje\u0107aj<\/div>\n\t\t\t\t\t\n\t\t\t\t\t\n\t\t\t\t<\/div>\n\t\t\t\t<\/div>\n\t\t\t<\/div><div class=\"et_d4_element dsm_card_carousel_child dsm_card_carousel_child_6 et_clickable dsm_card_carousel_child_image_animation dsm_card_carousel_child_image_animation_zoom_in swiper-slide\">\n\t\t\t\t\n\t\t\t\t\n\t\t\t\t\n\t\t\t\t\n\t\t\t\t\n\t\t\t\t\n\t\t\t\t<div class=\"et_pb_module_inner\">\n\t\t\t\t\t\n\t\t\t\n\t\t\t<figure class=\"dsm_card_carousel_child_image_wrapper dsm_card_carousel_child_badge_center\"><div class=\"dsm_card_carousel_child_image_background dsm_card_carousel_child_img\"><\/div><a href=\"https:\/\/www.histriaproject.com\/love-tiles\/\" class=\"dsm_card_carousel_child_badge_text\">Info<\/a><\/figure>\n\t\t\t<div class=\"dsm_card_wrapper et_pb_text_align_justified et_pb_bg_layout_dark\">\n\t\t\t\t\t<h4 class=\"dsm_card_title et_pb_module_header\">LOVE TILES<\/h4>\n\t\t\t\t\t<div class=\"dsm_card_carousel_child_subtitle\">Love tiles je brend nastao kao nasljednik nekada\u0161njeg brenda Novagres. Dio je Panariagroup iz Italije, koja je jedan od vode\u0107ih svjetskih proizvo\u0111a\u010da keramike.<\/div>\n\t\t\t\t\t\n\t\t\t\t\t\n\t\t\t\t<\/div>\n\t\t\t\t<\/div>\n\t\t\t<\/div><div class=\"et_d4_element dsm_card_carousel_child dsm_card_carousel_child_7 et_clickable dsm_card_carousel_child_image_animation dsm_card_carousel_child_image_animation_zoom_in swiper-slide\">\n\t\t\t\t\n\t\t\t\t\n\t\t\t\t\n\t\t\t\t\n\t\t\t\t\n\t\t\t\t\n\t\t\t\t<div class=\"et_pb_module_inner\">\n\t\t\t\t\t\n\t\t\t\n\t\t\t<figure class=\"dsm_card_carousel_child_image_wrapper dsm_card_carousel_child_badge_center\"><div class=\"dsm_card_carousel_child_image_background dsm_card_carousel_child_img\"><\/div><a href=\"https:\/\/www.histriaproject.com\/margres\/\" class=\"dsm_card_carousel_child_badge_text\">Info<\/a><\/figure>\n\t\t\t<div class=\"dsm_card_wrapper et_pb_text_align_justified et_pb_bg_layout_dark\">\n\t\t\t\t\t<h4 class=\"dsm_card_title et_pb_module_header\">MARGRES<\/h4>\n\t\t\t\t\t<div class=\"dsm_card_carousel_child_subtitle\">Margres je brand posve\u0107en proizvodnji porculanske keramike, to je premium proizvod<\/div>\n\t\t\t\t\t\n\t\t\t\t\t\n\t\t\t\t<\/div>\n\t\t\t\t<\/div>\n\t\t\t<\/div><div class=\"et_d4_element dsm_card_carousel_child dsm_card_carousel_child_8 et_clickable dsm_card_carousel_child_image_animation dsm_card_carousel_child_image_animation_zoom_in swiper-slide\">\n\t\t\t\t\n\t\t\t\t\n\t\t\t\t\n\t\t\t\t\n\t\t\t\t\n\t\t\t\t\n\t\t\t\t<div class=\"et_pb_module_inner\">\n\t\t\t\t\t\n\t\t\t\n\t\t\t<figure class=\"dsm_card_carousel_child_image_wrapper dsm_card_carousel_child_badge_center\"><div class=\"dsm_card_carousel_child_image_background dsm_card_carousel_child_img\"><\/div><a href=\"https:\/\/www.histriaproject.com\/porcelaingress\/\" class=\"dsm_card_carousel_child_badge_text\">Info<\/a><\/figure>\n\t\t\t<div class=\"dsm_card_wrapper et_pb_text_align_justified et_pb_bg_layout_dark\">\n\t\t\t\t\t<h4 class=\"dsm_card_title et_pb_module_header\">PORCELAINGRES<\/h4>\n\t\t\t\t\t<div class=\"dsm_card_carousel_child_subtitle\">Cilj je razviti proizvode koji ostavljaju trag i koriste se za sofisticirane arhitektonske projekte interijera i eksterijera<\/div>\n\t\t\t\t\t\n\t\t\t\t\t\n\t\t\t\t<\/div>\n\t\t\t\t<\/div>\n\t\t\t<\/div><div class=\"et_d4_element dsm_card_carousel_child dsm_card_carousel_child_9 et_clickable dsm_card_carousel_child_image_animation dsm_card_carousel_child_image_animation_zoom_in swiper-slide\">\n\t\t\t\t\n\t\t\t\t\n\t\t\t\t\n\t\t\t\t\n\t\t\t\t\n\t\t\t\t\n\t\t\t\t<div class=\"et_pb_module_inner\">\n\t\t\t\t\t\n\t\t\t\n\t\t\t<figure class=\"dsm_card_carousel_child_image_wrapper dsm_card_carousel_child_badge_center\"><div class=\"dsm_card_carousel_child_image_background dsm_card_carousel_child_img\"><\/div><a href=\"https:\/\/www.histriaproject.com\/deco\/\" class=\"dsm_card_carousel_child_badge_text\">Info<\/a><\/figure>\n\t\t\t<div class=\"dsm_card_wrapper et_pb_text_align_justified et_pb_bg_layout_dark\">\n\t\t\t\t\t<h4 class=\"dsm_card_title et_pb_module_header\">D\u00c9CO<\/h4>\n\t\t\t\t\t<div class=\"dsm_card_carousel_child_subtitle\">D\u00e9co nudi kompletan asortiman zidnih i podnih obloga, dizajniranih da zadovolje sve potrebe unutarnjeg i vanjskog dizajna s inovativnim i visoko-u\u010dinkovitim materijalima<\/div>\n\t\t\t\t\t\n\t\t\t\t\t\n\t\t\t\t<\/div>\n\t\t\t\t<\/div>\n\t\t\t<\/div><div class=\"et_d4_element dsm_card_carousel_child dsm_card_carousel_child_10 et_clickable dsm_card_carousel_child_image_animation dsm_card_carousel_child_image_animation_zoom_in swiper-slide\">\n\t\t\t\t\n\t\t\t\t\n\t\t\t\t\n\t\t\t\t\n\t\t\t\t\n\t\t\t\t\n\t\t\t\t<div class=\"et_pb_module_inner\">\n\t\t\t\t\t\n\t\t\t\n\t\t\t<figure class=\"dsm_card_carousel_child_image_wrapper dsm_card_carousel_child_badge_center\"><div class=\"dsm_card_carousel_child_image_background dsm_card_carousel_child_img\"><\/div><a href=\"https:\/\/www.histriaproject.com\/profilitec\/\" class=\"dsm_card_carousel_child_badge_text\">Info<\/a><\/figure>\n\t\t\t<div class=\"dsm_card_wrapper et_pb_text_align_justified et_pb_bg_layout_dark\">\n\t\t\t\t\t<h4 class=\"dsm_card_title et_pb_module_header\">PROFILITEC<\/h4>\n\t\t\t\t\t<div class=\"dsm_card_carousel_child_subtitle\">Cjelovita linija profila osmi\u0161ljena kao rje\u0161enje za razne probleme uzrokovane polaganjem poda<\/div>\n\t\t\t\t\t\n\t\t\t\t\t\n\t\t\t\t<\/div>\n\t\t\t\t<\/div>\n\t\t\t<\/div><div class=\"et_d4_element dsm_card_carousel_child dsm_card_carousel_child_11 et_clickable dsm_card_carousel_child_image_animation dsm_card_carousel_child_image_animation_zoom_in swiper-slide\">\n\t\t\t\t\n\t\t\t\t\n\t\t\t\t\n\t\t\t\t\n\t\t\t\t\n\t\t\t\t\n\t\t\t\t<div class=\"et_pb_module_inner\">\n\t\t\t\t\t\n\t\t\t\n\t\t\t<figure class=\"dsm_card_carousel_child_image_wrapper dsm_card_carousel_child_badge_center\"><div class=\"dsm_card_carousel_child_image_background dsm_card_carousel_child_img\"><\/div><a href=\"https:\/\/www.histriaproject.com\/hr\/ideal-standard\/\" class=\"dsm_card_carousel_child_badge_text\">Info<\/a><\/figure>\n\t\t\t<div class=\"dsm_card_wrapper et_pb_text_align_justified et_pb_bg_layout_dark\">\n\t\t\t\t\t<h4 class=\"dsm_card_title et_pb_module_header\">IDEAL STANDARD<\/h4>\n\t\t\t\t\t<div class=\"dsm_card_carousel_child_subtitle\">Ideal Standard Group jedan je od vode\u0107ih proizvo\u0111a\u010da proizvoda i rje\u0161enja za privatne i javne kupaonice<\/div>\n\t\t\t\t\t\n\t\t\t\t\t\n\t\t\t\t<\/div>\n\t\t\t\t<\/div>\n\t\t\t<\/div><div class=\"et_d4_element dsm_card_carousel_child dsm_card_carousel_child_12 et_clickable dsm_card_carousel_child_image_animation dsm_card_carousel_child_image_animation_zoom_in swiper-slide\">\n\t\t\t\t\n\t\t\t\t\n\t\t\t\t\n\t\t\t\t\n\t\t\t\t\n\t\t\t\t\n\t\t\t\t<div class=\"et_pb_module_inner\">\n\t\t\t\t\t\n\t\t\t\n\t\t\t<figure class=\"dsm_card_carousel_child_image_wrapper dsm_card_carousel_child_badge_center\"><div class=\"dsm_card_carousel_child_image_background dsm_card_carousel_child_img\"><\/div><a href=\"https:\/\/www.histriaproject.com\/hr\/kerakoll\/\" class=\"dsm_card_carousel_child_badge_text\">Info<\/a><\/figure>\n\t\t\t<div class=\"dsm_card_wrapper et_pb_text_align_justified et_pb_bg_layout_dark\">\n\t\t\t\t\t<h4 class=\"dsm_card_title et_pb_module_header\">KERAKOLL<\/h4>\n\t\t\t\t\t<div class=\"dsm_card_carousel_child_subtitle\">Kerakoll je multinacionalna tvrtka koja djeluje u gra\u0111evinskoj industriji<\/div>\n\t\t\t\t\t\n\t\t\t\t\t\n\t\t\t\t<\/div>\n\t\t\t\t<\/div>\n\t\t\t<\/div><\/div>\n\t\t\t<\/div><div class=\"swiper-button-prev dsm_card_carousel_arrow\" data-icon=\"4\"><\/div><div class=\"swiper-button-next dsm_card_carousel_arrow\" data-icon=\"5\"><\/div><div class=\"swiper-pagination dsm_card_carousel_pagination\"><\/div>\n\t\t\t\t<\/div>\n\t\t\t<\/div>\n\t\t\t<\/div>\n\t\t\t\t\n\t\t\t\t\n\t\t\t\t\n\t\t\t\t\n\t\t\t<\/div>\n\t\t\t\t\n\t\t\t\t\n\t\t\t<\/div><div id=\"down1\" class=\"et_d4_element et_pb_section et_pb_section_1 et_pb_with_background  et_pb_css_mix_blend_mode et_section_regular et_block_section\" >\n\t\t\t\t\n\t\t\t\t\n\t\t\t\t\n\t\t\t\t\n\t\t\t\t\n\t\t\t\t\n\t\t\t\t<div class=\"et_d4_element et_pb_row et_pb_row_2  et_pb_css_mix_blend_mode et_block_row\">\n\t\t\t\t<div class=\"et_d4_element et_pb_column_4_4 et_pb_column et_pb_column_2  et_pb_css_mix_blend_mode et-last-child et_block_column\">\n\t\t\t\t\n\t\t\t\t\n\t\t\t\t\n\t\t\t\t\n\t\t\t\t<div class=\"et_pb_module et_d4_element dsm_gradient_text dsm_gradient_text_0 \">\n\t\t\t\t\n\t\t\t\t\n\t\t\t\t\n\t\t\t\t\n\t\t\t\t\n\t\t\t\t\n\t\t\t\t<div class=\"et_pb_module_inner\">\n\t\t\t\t\t<h1 class=\"dsm-gradient-text et_pb_module_header\">SAMO NAJBOLJE JE DOVOLJNO DOBRO<\/h1>\n\t\t\t\t<\/div>\n\t\t\t<\/div>\n\t\t\t<\/div>\n\t\t\t\t\n\t\t\t\t\n\t\t\t\t\n\t\t\t\t\n\t\t\t<\/div>\n\t\t\t\t\n\t\t\t\t\n\t\t\t<\/div><div class=\"et_d4_element et_pb_section et_pb_section_2 et_pb_with_background  et_pb_css_mix_blend_mode et_section_regular et_block_section\" >\n\t\t\t\t\n\t\t\t\t\n\t\t\t\t\n\t\t\t\t\n\t\t\t\t\n\t\t\t\t\n\t\t\t\t<div class=\"et_d4_element et_pb_row et_pb_row_3 et_pb_gutters1  et_pb_css_mix_blend_mode et_block_row\">\n\t\t\t\t<div class=\"et_d4_element et_pb_column_4_4 et_pb_column et_pb_column_3  et_pb_css_mix_blend_mode et-last-child et_block_column\">\n\t\t\t\t\n\t\t\t\t\n\t\t\t\t\n\t\t\t\t\n\t\t\t\t<div class=\"et_pb_module et_d4_element et_pb_image et_pb_image_0\">\n\t\t\t\t\n\t\t\t\t\n\t\t\t\t\n\t\t\t\t\n\t\t\t\t<span class=\"et_pb_image_wrap \"><img decoding=\"async\" width=\"2500\" height=\"956\" src=\"https:\/\/www.histriaproject.com\/wp-content\/uploads\/2022\/09\/interior-design-3564955-2500x1406-01-b-kopija-e1663967781691.jpg\" alt=\"\" title=\"interior-design-3564955-2500x1406-01-b kopija\" srcset=\"https:\/\/www.histriaproject.com\/wp-content\/uploads\/2022\/09\/interior-design-3564955-2500x1406-01-b-kopija-e1663967781691.jpg 2500w, https:\/\/www.histriaproject.com\/wp-content\/uploads\/2022\/09\/interior-design-3564955-2500x1406-01-b-kopija-e1663967781691-1280x720.jpg 1280w, https:\/\/www.histriaproject.com\/wp-content\/uploads\/2022\/09\/interior-design-3564955-2500x1406-01-b-kopija-e1663967781691-980x551.jpg 980w, https:\/\/www.histriaproject.com\/wp-content\/uploads\/2022\/09\/interior-design-3564955-2500x1406-01-b-kopija-e1663967781691-480x270.jpg 480w\" sizes=\"(min-width: 0px) and (max-width: 480px) 480px, (min-width: 481px) and (max-width: 980px) 980px, (min-width: 981px) and (max-width: 1280px) 1280px, (min-width: 1281px) 2500px, 100vw\" class=\"wp-image-3126\" \/><\/span>\n\t\t\t<\/div>\n\t\t\t<\/div>\n\t\t\t\t\n\t\t\t\t\n\t\t\t\t\n\t\t\t\t\n\t\t\t<\/div>\n\t\t\t\t\n\t\t\t\t\n\t\t\t<\/div><\/p>\n","protected":false},"excerpt":{"rendered":"","protected":false},"author":1,"featured_media":0,"parent":0,"menu_order":0,"comment_status":"closed","ping_status":"closed","template":"","meta":{"_et_pb_use_builder":"on","_et_pb_old_content":"","_et_gb_content_width":"","footnotes":""},"class_list":["post-5914","page","type-page","status-publish","hentry"],"yoast_head":"<!-- This site is optimized with the Yoast SEO plugin v27.6 - https:\/\/yoast.com\/product\/yoast-seo-wordpress\/ -->\n<title>Proizvodi - Histria Project - keramika i sanitarije<\/title>\n<meta name=\"description\" content=\"Vrhunska keramika za podove i zidove, sanitarije, vo\u0111enje projekata opremanja prostora, te prodaja deking asortimana\" \/>\n<meta name=\"robots\" content=\"index, follow, max-snippet:-1, max-image-preview:large, max-video-preview:-1\" \/>\n<link rel=\"canonical\" href=\"https:\/\/www.histriaproject.com\/hr\/proizvodi\/\" \/>\n<meta property=\"og:locale\" content=\"hr_HR\" \/>\n<meta property=\"og:type\" content=\"article\" \/>\n<meta property=\"og:title\" content=\"Proizvodi - Histria Project - keramika i sanitarije\" \/>\n<meta property=\"og:description\" content=\"Vrhunska keramika za podove i zidove, sanitarije, vo\u0111enje projekata opremanja prostora, te prodaja deking asortimana\" \/>\n<meta property=\"og:url\" content=\"https:\/\/www.histriaproject.com\/hr\/proizvodi\/\" \/>\n<meta property=\"og:site_name\" content=\"Histria Project\" \/>\n<meta property=\"article:modified_time\" content=\"2025-12-12T14:16:32+00:00\" \/>\n<meta name=\"twitter:card\" content=\"summary_large_image\" \/>\n<meta name=\"twitter:label1\" content=\"Procijenjeno vrijeme \u010ditanja\" \/>\n\t<meta name=\"twitter:data1\" content=\"4 minute\" \/>\n<script type=\"application\/ld+json\" class=\"yoast-schema-graph\">{\"@context\":\"https:\\\/\\\/schema.org\",\"@graph\":[{\"@type\":\"WebPage\",\"@id\":\"https:\\\/\\\/www.histriaproject.com\\\/hr\\\/proizvodi\\\/\",\"url\":\"https:\\\/\\\/www.histriaproject.com\\\/hr\\\/proizvodi\\\/\",\"name\":\"Proizvodi - Histria Project - keramika i sanitarije\",\"isPartOf\":{\"@id\":\"https:\\\/\\\/www.histriaproject.com\\\/#website\"},\"datePublished\":\"2022-09-14T14:38:45+00:00\",\"dateModified\":\"2025-12-12T14:16:32+00:00\",\"description\":\"Vrhunska keramika za podove i zidove, sanitarije, vo\u0111enje projekata opremanja prostora, te prodaja deking asortimana\",\"breadcrumb\":{\"@id\":\"https:\\\/\\\/www.histriaproject.com\\\/hr\\\/proizvodi\\\/#breadcrumb\"},\"inLanguage\":\"hr\",\"potentialAction\":[{\"@type\":\"ReadAction\",\"target\":[\"https:\\\/\\\/www.histriaproject.com\\\/hr\\\/proizvodi\\\/\"]}]},{\"@type\":\"BreadcrumbList\",\"@id\":\"https:\\\/\\\/www.histriaproject.com\\\/hr\\\/proizvodi\\\/#breadcrumb\",\"itemListElement\":[{\"@type\":\"ListItem\",\"position\":1,\"name\":\"Home\",\"item\":\"https:\\\/\\\/www.histriaproject.com\\\/hr\\\/\"},{\"@type\":\"ListItem\",\"position\":2,\"name\":\"Proizvodi\"}]},{\"@type\":\"WebSite\",\"@id\":\"https:\\\/\\\/www.histriaproject.com\\\/#website\",\"url\":\"https:\\\/\\\/www.histriaproject.com\\\/\",\"name\":\"Histria Project\",\"description\":\"Personal Business Solutions\",\"potentialAction\":[{\"@type\":\"SearchAction\",\"target\":{\"@type\":\"EntryPoint\",\"urlTemplate\":\"https:\\\/\\\/www.histriaproject.com\\\/?s={search_term_string}\"},\"query-input\":{\"@type\":\"PropertyValueSpecification\",\"valueRequired\":true,\"valueName\":\"search_term_string\"}}],\"inLanguage\":\"hr\"}]}<\/script>\n<!-- \/ Yoast SEO plugin. -->","yoast_head_json":{"title":"Proizvodi - Histria Project - keramika i sanitarije","description":"Vrhunska keramika za podove i zidove, sanitarije, vo\u0111enje projekata opremanja prostora, te prodaja deking asortimana","robots":{"index":"index","follow":"follow","max-snippet":"max-snippet:-1","max-image-preview":"max-image-preview:large","max-video-preview":"max-video-preview:-1"},"canonical":"https:\/\/www.histriaproject.com\/hr\/proizvodi\/","og_locale":"hr_HR","og_type":"article","og_title":"Proizvodi - Histria Project - keramika i sanitarije","og_description":"Vrhunska keramika za podove i zidove, sanitarije, vo\u0111enje projekata opremanja prostora, te prodaja deking asortimana","og_url":"https:\/\/www.histriaproject.com\/hr\/proizvodi\/","og_site_name":"Histria Project","article_modified_time":"2025-12-12T14:16:32+00:00","twitter_card":"summary_large_image","twitter_misc":{"Procijenjeno vrijeme \u010ditanja":"4 minute"},"schema":{"@context":"https:\/\/schema.org","@graph":[{"@type":"WebPage","@id":"https:\/\/www.histriaproject.com\/hr\/proizvodi\/","url":"https:\/\/www.histriaproject.com\/hr\/proizvodi\/","name":"Proizvodi - Histria Project - keramika i sanitarije","isPartOf":{"@id":"https:\/\/www.histriaproject.com\/#website"},"datePublished":"2022-09-14T14:38:45+00:00","dateModified":"2025-12-12T14:16:32+00:00","description":"Vrhunska keramika za podove i zidove, sanitarije, vo\u0111enje projekata opremanja prostora, te prodaja deking asortimana","breadcrumb":{"@id":"https:\/\/www.histriaproject.com\/hr\/proizvodi\/#breadcrumb"},"inLanguage":"hr","potentialAction":[{"@type":"ReadAction","target":["https:\/\/www.histriaproject.com\/hr\/proizvodi\/"]}]},{"@type":"BreadcrumbList","@id":"https:\/\/www.histriaproject.com\/hr\/proizvodi\/#breadcrumb","itemListElement":[{"@type":"ListItem","position":1,"name":"Home","item":"https:\/\/www.histriaproject.com\/hr\/"},{"@type":"ListItem","position":2,"name":"Proizvodi"}]},{"@type":"WebSite","@id":"https:\/\/www.histriaproject.com\/#website","url":"https:\/\/www.histriaproject.com\/","name":"Histria Project","description":"Personal Business Solutions","potentialAction":[{"@type":"SearchAction","target":{"@type":"EntryPoint","urlTemplate":"https:\/\/www.histriaproject.com\/?s={search_term_string}"},"query-input":{"@type":"PropertyValueSpecification","valueRequired":true,"valueName":"search_term_string"}}],"inLanguage":"hr"}]}},"_links":{"self":[{"href":"https:\/\/www.histriaproject.com\/hr\/wp-json\/wp\/v2\/pages\/5914","targetHints":{"allow":["GET"]}}],"collection":[{"href":"https:\/\/www.histriaproject.com\/hr\/wp-json\/wp\/v2\/pages"}],"about":[{"href":"https:\/\/www.histriaproject.com\/hr\/wp-json\/wp\/v2\/types\/page"}],"author":[{"embeddable":true,"href":"https:\/\/www.histriaproject.com\/hr\/wp-json\/wp\/v2\/users\/1"}],"replies":[{"embeddable":true,"href":"https:\/\/www.histriaproject.com\/hr\/wp-json\/wp\/v2\/comments?post=5914"}],"version-history":[{"count":21,"href":"https:\/\/www.histriaproject.com\/hr\/wp-json\/wp\/v2\/pages\/5914\/revisions"}],"predecessor-version":[{"id":8081,"href":"https:\/\/www.histriaproject.com\/hr\/wp-json\/wp\/v2\/pages\/5914\/revisions\/8081"}],"wp:attachment":[{"href":"https:\/\/www.histriaproject.com\/hr\/wp-json\/wp\/v2\/media?parent=5914"}],"curies":[{"name":"wp","href":"https:\/\/api.w.org\/{rel}","templated":true}]}}