{"id":434,"date":"2017-05-07T18:40:53","date_gmt":"2017-05-07T16:40:53","guid":{"rendered":"https:\/\/victorthemes.com\/themes\/brixey\/?page_id=434"},"modified":"2021-07-25T09:11:18","modified_gmt":"2021-07-25T07:11:18","slug":"asortiman","status":"publish","type":"page","link":"https:\/\/www.histriaproject.com\/hr\/asortiman\/","title":{"rendered":"Asortiman"},"content":{"rendered":"<p>[vc_row overlay_dotted=&#8221;&#8221; el_class=&#8221;container&#8221;][vc_column css=&#8221;.vc_custom_1494933874057{padding-right: 0px !important;padding-left: 0px !important;}&#8221;][vc_tabs service_style=&#8221;service-row&#8221;][vc_tab title=&#8221;Fiandre&#8221; tab_id=&#8221;1494182527-1-12&#8243; thumbnail=&#8221;1257&#8243;][brxy_text_block]Fiandre je vode\u0107a tvrtka u proizvodnji keramike, prisutna u preko 100 zemalja svijeta sa \u0161irokim izborom rje\u0161enja za podove, obloge i fasade.<br \/>\nKroz 50 godina rada tijekom kojih su kvaliteta, vje\u0161tina i inovacije i\u0161li ruku pod ruku, Fiandre mo\u017ee ponuditi vrhunsku keramiku za opremanje ku\u0107a, stambenih zgrada ili medicinskih ustanova sa inovativnom eco-active tehnologijom.<\/p>\n<p><a href=\"https:\/\/www.granitifiandre.com\" target=\"_blank\" rel=\"noopener\">www.granitifiandre.com<\/a>[\/brxy_text_block][\/vc_tab][vc_tab title=&#8221;Keope&#8221; tab_id=&#8221;1494182527-2-73&#8243; thumbnail=&#8221;1262&#8243;][brxy_text_block]Proizvodnja keramike u potpunosti se izvodi u Italiji i s ponosom nosi naziv Made in Italy. Posebnost Keope keramike je u detaljima na koje se pazi od samog po\u010detka planiranja dizajna i proizvodnje. Ideje generiraju iz strasti za radom, vo\u0111eni \u017eeljom da ponude kvalitetu i ljepotu kod opremanja svih povr\u0161ina.<\/p>\n<p><a href=\"https:\/\/www.keope.com\" target=\"_blank\" rel=\"noopener\">www.keope.com<\/a>[\/brxy_text_block][\/vc_tab][vc_tab title=&#8221;Laminam&#8221; tab_id=&#8221;1494182527-3-93&#8243; thumbnail=&#8221;1259&#8243;][brxy_text_block]U\u010dinite svoj prostor remek djelom.<\/p>\n<p>Uz \u0161iroku paletu proizvoda dostupnih u raznim veli\u010dinama i debljinama, svatko \u0107e prona\u0107i pravu povr\u0161inu za \u017eeljenu primjenu: ne samo za unutarnje i vanjske zidove i podove, ve\u0107 i za kuhinjske plo\u010de i otoke, radne povr\u0161ine za kupaonice, stolove, klupe, kamine i nape, te bilo kakve vertikalne ili vodoravne povr\u0161ine.<br \/>\nVa\u0161a ma\u0161ta je jedina granica.<\/p>\n<p><a href=\"https:\/\/www.laminam.com\/en\/\" target=\"_blank\" rel=\"noopener\">www.laminam.com<\/a>[\/brxy_text_block][\/vc_tab][vc_tab title=&#8221;Panaria&#8221; tab_id=&#8221;1624475544592-3-8&#8243; thumbnail=&#8221;1260&#8243;][brxy_text_block]Lijepo je osje\u0107ati se kao kod ku\u0107e.<br \/>\nOd 1974. godine Panaria proizvodi unutarnje i vanjske podove i obloge od visokokvalitetnog tradicionalnog, laminiranog i monoporoznog materijala koji mo\u017ee u potpunosti udovoljiti modernim zahtjevima svake ku\u0107e.<\/p>\n<p><a href=\"https:\/\/www.panaria.it\" target=\"_blank\" rel=\"noopener\">www.panaria.it<\/a>[\/brxy_text_block][\/vc_tab][vc_tab title=&#8221;Mosaico+&#8221; tab_id=&#8221;1624475654665-4-5&#8243; thumbnail=&#8221;1277&#8243;][brxy_text_block]Mozaik u dana\u0161nje vrijeme nudi novi pristup samom konceptu dizajniranja prostora te je postao kreativni alat za arhitekte i dizajnere interijera jer mo\u017ee odgovoriti na potrebe svakog projekta koji zahtjeva kreativnost i pomicanje granica.<\/p>\n<p><a href=\"https:\/\/mosaicopiu.it\" target=\"_blank\" rel=\"noopener\">mosaicopiu.it<\/a>[\/brxy_text_block][\/vc_tab][vc_tab title=&#8221;Fap Cheramiche&#8221; tab_id=&#8221;1624475844207-7-9&#8243; thumbnail=&#8221;1266&#8243;][brxy_text_block]Svjetski poznati po velikom izboru podne i zidne keramike te vrhunskom dizajnu. Stvoreno sa stilom i strasti prema dekoru, Fap mo\u017ee ponuditi rje\u0161enje za sve ideje i zahtjeve prostora.<\/p>\n<p><a href=\"https:\/\/www.fapceramiche.com\/en\/news-events\/#italian-ceramics\" target=\"_blank\" rel=\"noopener\">www.fapceramiche.com<\/a>[\/brxy_text_block][\/vc_tab][vc_tab title=&#8221;Galassia&#8221; tab_id=&#8221;1624475699255-5-4&#8243; thumbnail=&#8221;1258&#8243;][brxy_text_block]Kreativnost dizajna i iskustvo proizvodnje, zajedno s industrijskom kulturom, \u010dine Galassiju referentnim modelom kerami\u010dke sanitarne industrije \u201cMade in Italy\u201d u svijetu. Tvrtka se nalazi u okrugu Civita Castellana, poznatom po kerami\u010dkoj tradiciji, gdje se spajaju izrada, tehnolo\u0161ke inovacije i odr\u017eivost te nude najbolje od talijanske kvalitete za va\u0161e kupaonice.<\/p>\n<p><a href=\"https:\/\/www.ceramicagalassia.com\/\" target=\"_blank\" rel=\"noopener\">www.ceramicagalassia.com<\/a>[\/brxy_text_block][\/vc_tab][vc_tab title=&#8221;Remer&#8221; tab_id=&#8221;1624475751560-6-7&#8243; thumbnail=&#8221;1261&#8243;][brxy_text_block]Stalna predanost rastu, ulaganju, dizajniranju, stvaranju i unapre\u0111ivanju uvijek je bila pokreta\u010dka snaga tvrtke Remer koja se tijekom godina potvrdila kao \u010dvrsta referentna to\u010dka u proizvodnji slavina i hidrauli\u010dnih sitnih dijelova u Italiji i u 120 stranih zemalja u kojima aktivno distribuira svoj proizvod.<\/p>\n<p><a href=\"https:\/\/www.remer.eu\/\" target=\"_blank\" rel=\"noopener\">www.remer.eu<\/a>[\/brxy_text_block][\/vc_tab][vc_tab title=&#8221;Petra antiqua&#8221; tab_id=&#8221;1624475922111-8-3&#8243; thumbnail=&#8221;1264&#8243;][brxy_text_block]Kamen izme\u0111u umjetnosti i strasti dizajniran da pru\u017ea jedinstveni osje\u0107aj.<\/p>\n<p><a href=\"https:\/\/petraantiqua.com\/\" target=\"_blank\" rel=\"noopener\">petraantiqua.com<\/a>[\/brxy_text_block][\/vc_tab][\/vc_tabs][\/vc_column][\/vc_row][vc_row disable_element=&#8221;yes&#8221; overlay_dotted=&#8221;&#8221;][vc_column][vc_empty_space height=&#8221;85px&#8221;][brxy_ctas][brxy_cta][simple_title title=&#8221;ORDER YOUR FUTURE ARCHITECTURE RIGHT NOW&#8221; title_tag=&#8221;h3&#8243; custom_class=&#8221;request-quote-title&#8221;][\/brxy_cta][brxy_button button_size=&#8221;brxy-btn-large&#8221; button_text=&#8221;Request a Quote&#8221; button_link=&#8221;https:\/\/victorthemes.com\/themes\/brixey\/get-your-free-quote-now\/&#8221; open_link=&#8221;true&#8221;][\/brxy_ctas][\/vc_column][\/vc_row]<\/p>\n","protected":false},"excerpt":{"rendered":"<p>[vc_row overlay_dotted=&#8221;&#8221; el_class=&#8221;container&#8221;][vc_column css=&#8221;.vc_custom_1494933874057{padding-right: 0px !important;padding-left: 0px !important;}&#8221;][vc_tabs service_style=&#8221;service-row&#8221;][vc_tab title=&#8221;Fiandre&#8221; tab_id=&#8221;1494182527-1-12&#8243; thumbnail=&#8221;1257&#8243;][brxy_text_block]Fiandre je vode\u0107a tvrtka u proizvodnji keramike, prisutna u preko 100 zemalja svijeta sa \u0161irokim izborom rje\u0161enja za podove, obloge i fasade. Kroz 50 godina rada tijekom kojih su kvaliteta, vje\u0161tina i inovacije i\u0161li ruku pod ruku, Fiandre mo\u017ee ponuditi vrhunsku keramiku za opremanje [&hellip;]<\/p>\n","protected":false},"author":1,"featured_media":0,"parent":0,"menu_order":0,"comment_status":"closed","ping_status":"closed","template":"","meta":{"_et_pb_use_builder":"","_et_pb_old_content":"","_et_gb_content_width":"","footnotes":""},"class_list":["post-434","page","type-page","status-publish","hentry"],"yoast_head":"<!-- This site is optimized with the Yoast SEO plugin v23.9 - https:\/\/yoast.com\/wordpress\/plugins\/seo\/ -->\n<title>Asortiman - Histria Project<\/title>\n<meta name=\"robots\" content=\"index, follow, max-snippet:-1, max-image-preview:large, max-video-preview:-1\" \/>\n<link rel=\"canonical\" href=\"https:\/\/www.histriaproject.com\/hr\/asortiman\/\" \/>\n<meta property=\"og:locale\" content=\"hr_HR\" \/>\n<meta property=\"og:type\" content=\"article\" \/>\n<meta property=\"og:title\" content=\"Asortiman - Histria Project\" \/>\n<meta property=\"og:description\" content=\"[vc_row overlay_dotted=&#8221;&#8221; el_class=&#8221;container&#8221;][vc_column css=&#8221;.vc_custom_1494933874057{padding-right: 0px !important;padding-left: 0px !important;}&#8221;][vc_tabs service_style=&#8221;service-row&#8221;][vc_tab title=&#8221;Fiandre&#8221; tab_id=&#8221;1494182527-1-12&#8243; thumbnail=&#8221;1257&#8243;][brxy_text_block]Fiandre je vode\u0107a tvrtka u proizvodnji keramike, prisutna u preko 100 zemalja svijeta sa \u0161irokim izborom rje\u0161enja za podove, obloge i fasade. Kroz 50 godina rada tijekom kojih su kvaliteta, vje\u0161tina i inovacije i\u0161li ruku pod ruku, Fiandre mo\u017ee ponuditi vrhunsku keramiku za opremanje [&hellip;]\" \/>\n<meta property=\"og:url\" content=\"https:\/\/www.histriaproject.com\/hr\/asortiman\/\" \/>\n<meta property=\"og:site_name\" content=\"Histria Project\" \/>\n<meta property=\"article:modified_time\" content=\"2021-07-25T07:11:18+00:00\" \/>\n<meta name=\"twitter:card\" content=\"summary_large_image\" \/>\n<meta name=\"twitter:label1\" content=\"Procijenjeno vrijeme \u010ditanja\" \/>\n\t<meta name=\"twitter:data1\" content=\"3 minute\" \/>\n<script type=\"application\/ld+json\" class=\"yoast-schema-graph\">{\"@context\":\"https:\/\/schema.org\",\"@graph\":[{\"@type\":\"WebPage\",\"@id\":\"https:\/\/www.histriaproject.com\/hr\/asortiman\/\",\"url\":\"https:\/\/www.histriaproject.com\/hr\/asortiman\/\",\"name\":\"Asortiman - Histria Project\",\"isPartOf\":{\"@id\":\"https:\/\/www.histriaproject.com\/#website\"},\"datePublished\":\"2017-05-07T16:40:53+00:00\",\"dateModified\":\"2021-07-25T07:11:18+00:00\",\"breadcrumb\":{\"@id\":\"https:\/\/www.histriaproject.com\/hr\/asortiman\/#breadcrumb\"},\"inLanguage\":\"hr\",\"potentialAction\":[{\"@type\":\"ReadAction\",\"target\":[\"https:\/\/www.histriaproject.com\/hr\/asortiman\/\"]}]},{\"@type\":\"BreadcrumbList\",\"@id\":\"https:\/\/www.histriaproject.com\/hr\/asortiman\/#breadcrumb\",\"itemListElement\":[{\"@type\":\"ListItem\",\"position\":1,\"name\":\"Home\",\"item\":\"https:\/\/www.histriaproject.com\/hr\/\"},{\"@type\":\"ListItem\",\"position\":2,\"name\":\"Asortiman\"}]},{\"@type\":\"WebSite\",\"@id\":\"https:\/\/www.histriaproject.com\/#website\",\"url\":\"https:\/\/www.histriaproject.com\/\",\"name\":\"Histria Project\",\"description\":\"Personal Business Solutions\",\"potentialAction\":[{\"@type\":\"SearchAction\",\"target\":{\"@type\":\"EntryPoint\",\"urlTemplate\":\"https:\/\/www.histriaproject.com\/?s={search_term_string}\"},\"query-input\":{\"@type\":\"PropertyValueSpecification\",\"valueRequired\":true,\"valueName\":\"search_term_string\"}}],\"inLanguage\":\"hr\"}]}<\/script>\n<!-- \/ Yoast SEO plugin. -->","yoast_head_json":{"title":"Asortiman - Histria Project","robots":{"index":"index","follow":"follow","max-snippet":"max-snippet:-1","max-image-preview":"max-image-preview:large","max-video-preview":"max-video-preview:-1"},"canonical":"https:\/\/www.histriaproject.com\/hr\/asortiman\/","og_locale":"hr_HR","og_type":"article","og_title":"Asortiman - Histria Project","og_description":"[vc_row overlay_dotted=&#8221;&#8221; el_class=&#8221;container&#8221;][vc_column css=&#8221;.vc_custom_1494933874057{padding-right: 0px !important;padding-left: 0px !important;}&#8221;][vc_tabs service_style=&#8221;service-row&#8221;][vc_tab title=&#8221;Fiandre&#8221; tab_id=&#8221;1494182527-1-12&#8243; thumbnail=&#8221;1257&#8243;][brxy_text_block]Fiandre je vode\u0107a tvrtka u proizvodnji keramike, prisutna u preko 100 zemalja svijeta sa \u0161irokim izborom rje\u0161enja za podove, obloge i fasade. Kroz 50 godina rada tijekom kojih su kvaliteta, vje\u0161tina i inovacije i\u0161li ruku pod ruku, Fiandre mo\u017ee ponuditi vrhunsku keramiku za opremanje [&hellip;]","og_url":"https:\/\/www.histriaproject.com\/hr\/asortiman\/","og_site_name":"Histria Project","article_modified_time":"2021-07-25T07:11:18+00:00","twitter_card":"summary_large_image","twitter_misc":{"Procijenjeno vrijeme \u010ditanja":"3 minute"},"schema":{"@context":"https:\/\/schema.org","@graph":[{"@type":"WebPage","@id":"https:\/\/www.histriaproject.com\/hr\/asortiman\/","url":"https:\/\/www.histriaproject.com\/hr\/asortiman\/","name":"Asortiman - Histria Project","isPartOf":{"@id":"https:\/\/www.histriaproject.com\/#website"},"datePublished":"2017-05-07T16:40:53+00:00","dateModified":"2021-07-25T07:11:18+00:00","breadcrumb":{"@id":"https:\/\/www.histriaproject.com\/hr\/asortiman\/#breadcrumb"},"inLanguage":"hr","potentialAction":[{"@type":"ReadAction","target":["https:\/\/www.histriaproject.com\/hr\/asortiman\/"]}]},{"@type":"BreadcrumbList","@id":"https:\/\/www.histriaproject.com\/hr\/asortiman\/#breadcrumb","itemListElement":[{"@type":"ListItem","position":1,"name":"Home","item":"https:\/\/www.histriaproject.com\/hr\/"},{"@type":"ListItem","position":2,"name":"Asortiman"}]},{"@type":"WebSite","@id":"https:\/\/www.histriaproject.com\/#website","url":"https:\/\/www.histriaproject.com\/","name":"Histria Project","description":"Personal Business Solutions","potentialAction":[{"@type":"SearchAction","target":{"@type":"EntryPoint","urlTemplate":"https:\/\/www.histriaproject.com\/?s={search_term_string}"},"query-input":{"@type":"PropertyValueSpecification","valueRequired":true,"valueName":"search_term_string"}}],"inLanguage":"hr"}]}},"_links":{"self":[{"href":"https:\/\/www.histriaproject.com\/hr\/wp-json\/wp\/v2\/pages\/434","targetHints":{"allow":["GET"]}}],"collection":[{"href":"https:\/\/www.histriaproject.com\/hr\/wp-json\/wp\/v2\/pages"}],"about":[{"href":"https:\/\/www.histriaproject.com\/hr\/wp-json\/wp\/v2\/types\/page"}],"author":[{"embeddable":true,"href":"https:\/\/www.histriaproject.com\/hr\/wp-json\/wp\/v2\/users\/1"}],"replies":[{"embeddable":true,"href":"https:\/\/www.histriaproject.com\/hr\/wp-json\/wp\/v2\/comments?post=434"}],"version-history":[{"count":13,"href":"https:\/\/www.histriaproject.com\/hr\/wp-json\/wp\/v2\/pages\/434\/revisions"}],"predecessor-version":[{"id":1278,"href":"https:\/\/www.histriaproject.com\/hr\/wp-json\/wp\/v2\/pages\/434\/revisions\/1278"}],"wp:attachment":[{"href":"https:\/\/www.histriaproject.com\/hr\/wp-json\/wp\/v2\/media?parent=434"}],"curies":[{"name":"wp","href":"https:\/\/api.w.org\/{rel}","templated":true}]}}