{"id":3,"date":"2020-12-05T20:01:57","date_gmt":"2020-12-05T19:01:57","guid":{"rendered":"http:\/\/www.histriaproject.com\/?page_id=3"},"modified":"2021-01-16T13:33:17","modified_gmt":"2021-01-16T12:33:17","slug":"pravila-privatnosti","status":"publish","type":"page","link":"https:\/\/www.histriaproject.com\/hr\/pravila-privatnosti\/","title":{"rendered":"Pravila privatnosti"},"content":{"rendered":"\n<p>Ova izjava o povjerljivosti \u0107e Vam pru\u017eiti vi\u0161e informacija o podacima koje dobivamo putem na\u0161ih internetskih stranica i internetskih stranica koje za nas izra\u0111uju na\u0161i partneri, te\u00a0kako ih dalje koristimo, odr\u017eavamo i \u0161titimo. Ova Izjava o povjerljivosti se odnosi na sve internet stranice HISTRIA PROJECT d.o.o.\u00a0, <a href=\"http:\/\/www.histriaproject.com\/\">http:\/\/www.histriaproject.com\/<\/a><\/p>\n\n\n\n<p>U ovom tekstu, \u201cmi\u201d, \u201cnas\u201d, \u201cna\u0161e\u201d, \u201cnama\u201d, \u201cna\u0161ih\u201d, \u201cna\u0161i\u201d, \u201cnam\u201d, \u201cnas\u201d, \u201cna\u0161em\u201d, \u201cna\u0161oj\u201d, \u201cna\u0161a\u201d, \u201cna\u0161\u201d, \u201cna\u0161om\u201d se odnosi na poduze\u0107e HISTRIA PROJECT d.o.o.\u00a0sa sjedi\u0161tem na adresi \u0160iki\u0107anska 7, 52100 Pula &#8211; HR.\u00a0 \u201cVi\u201d, \u201cVas\u201d, \u201cVa\u0161e\u201d, \u201cVama\u201d, \u201cVa\u0161ih\u201d, \u201cVam\u201d, \u201cVa\u0161a\u201d, \u201cVa\u0161i\u201d, \u201cVa\u0161im\u201d, \u201cVa\u0161e\u201d se odnosi na krajnje korisnike na\u0161ih usluga, proizvoda i internetskih stranica, dok se termin \u201cservisi\u201d odnosi na bilo koju od na\u0161ih usluga, internetskih stranica, proizvoda, projekata ili doga\u0111aja koje organiziramo,\u00a0te na sav sadr\u017eaj internetskih stranica koji je pod na\u0161om kontrolom.<\/p>\n\n\n\n<p>Upu\u0107ujemo Vas da pa\u017eljivo pro\u010ditate ovu Izjavu o povjerljivosti podataka. Pristupanjem ili uporabom na\u0161e internetske stranice, potvr\u0111ujete da ste pro\u010ditali, razumjeli i da se sla\u017eete sa svim uvjetima Izjave o povjerljivosti i na\u010dinima uporabe internetskih stranica.<\/p>\n\n\n\n<p>Ukoliko se ne sla\u017eete s ovom Izjavom o povjerljivosti, upu\u0107ujemo Vas da ne pristupate i ne koristite na\u0161e servise.<\/p>\n\n\n\n<p>Ovu Izjavu o povjerljivosti podataka mo\u017eemo izmijeniti u bilo kojem trenutku, objavljivanjem izmijenjenog teksta Izjave o povjerljivosti podataka na ovoj internetskoj stranici. Izmjene Izjave o povjerljivosti podataka stupaju na snagu odmah nakon objave na internetskoj stranici.<\/p>\n\n\n\n<p>Kao na\u0161 krajnji korisnik, sami ste odgovorni i du\u017eni periodi\u010dno pregledati ovu stranicu i prou\u010diti bilo kakve promjene u Izjavi o povjerljivosti podataka. Nastavite li s uporabom na\u0161ih Internetskih stranica nakon stupanja na snagu takvih izmjena, podrazumijeva se da potvr\u0111ujete i prihva\u0107ate sve uvjete tako izmijenjene Izjave o povjerljivosti podataka.<\/p>\n\n\n\n<p><strong>Podaci koje prikupljamo<\/strong><br>Prikupljamo podatke koje nam dostavljate, a odnose se (i nisu ograni\u010deni) na: ime, prezime, adresu, djelatnost, broj telefona, e-mail adresu. Podaci se prikupljaju prilikom kupnje u na\u0161em web shopu koji je sastavni dio na\u0161ih web stranica.<\/p>\n\n\n\n<p>Direktno ostavljanje osobnih podataka je u potpunosti Va\u0161a odluka. Ukoliko odlu\u010dite ne pru\u017eiti obavezne informacije koje nam trebaju kako bismo Vam omogu\u0107ili pristup ili dostavili na\u0161e servise, na\u017ealost ne\u0107emo biti u mogu\u0107nosti pru\u017eiti tra\u017eenu uslugu.<\/p>\n\n\n\n<p>Kada je rije\u010d o pla\u0107anju pojedinih servisa putem na\u0161ih stranica, Va\u0161i podaci o pla\u0107anju (primjerice broj kreditne ili debitne kartice) nisu nam dostupni. Takvi podaci dostupni su samo na\u0161em partneru koji za nas odra\u0111uje ovakvu vrstu prodaje, a koji je specijaliziran za on-line transakcije.Kod takvih transakcija, mi prikupljamo samo podatke koje su nam potrebni za dostavu \u017eeljenog servisa.<\/p>\n\n\n\n<p><strong>\u010cemu nam slu\u017ee Va\u0161i podaci?<\/strong><br>Prvenstveno kako bismo Vam omogu\u0107ili kori\u0161tenje, sudjelovanje ili dostavu na\u0161ih servisa.<\/p>\n\n\n\n<p>Za\u0161titu Va\u0161ih osobnih podataka uzimamo vrlo ozbiljno i poduzimamo razne mjere opreza kako bismo za\u0161titili Va\u0161e podatke. Me\u0111utim, moramo Vas upozoriti kako niti jedan prijenos podataka putem Interneta nije 100% siguran, pa ne mo\u017eemo odgovarati za posljedice eventualnih sigurnosnih propusta.<\/p>\n\n\n\n<p><strong><em><u>Va\u0161e osobne podatke ne dijelimo s poslovnim partnerima.<\/u><\/em><\/strong><\/p>\n\n\n\n<p>Va\u0161i osobni podaci se \u010duvaju u sustavu koliko je god to potrebno, najmanje toliko dugo koliko ste korisnik na\u0161ih servisa.<\/p>\n\n\n\n<p><strong>Upotreba kola\u010di\u0107a (Cookies)<\/strong><\/p>\n\n\n\n<p>Na ovoj Internet stranici koristimo tzv. \u201ekola\u010di\u0107e\u201c. Kola\u010di\u0107i su male tekstualne datoteke pohranjene na Va\u0161em ure\u0111aju putem Va\u0161eg pretra\u017eiva\u010da. Kola\u010di\u0107i pohranjuju odre\u0111ene informacije (npr. jezik operacijskog sustava ili postavke stranice) i putem Va\u0161eg pretra\u017eiva\u010da prepoznaju Va\u0161e posjete Internet -stranicama (ovisno o trajanju kola\u010di\u0107a).<\/p>\n\n\n\n<p>Ova Internet stranica koristi dvije vrste kola\u010di\u0107a: (1) tehni\u010dki potrebne kola\u010di\u0107e, bez kojih bi funkcionalnost ove Internet stranice bila ograni\u010dene i (2) dodatne kola\u010di\u0107e:<\/p>\n\n\n\n<p><strong>Tehni\u010dki potrebni kola\u010di\u0107i<\/strong><\/p>\n\n\n\n<figure class=\"wp-block-table\"><table><tbody><tr><td><strong>Ime kola\u010di\u0107a<\/strong><\/td><td><strong>Vijek trajanja<\/strong><\/td><td><strong>Svrha i sadr\u017eaj<\/strong><\/td><\/tr><tr><td>PHPSESSID<\/td><td>1 sat<\/td><td>Identifikator PHP skladi\u0161ta podataka, kreira se prilikom kori\u0161tenja PHP-a ( session() method)<\/td><\/tr><tr><td>UniqueID<\/td><td>6 mjeseci<\/td><td>Anonimna identifikacija vremena trajanja posjete za statisti\u010dku analizu s ciljem optimizacije Internet stranice. Ne prikuplja osobne podatke.<\/td><\/tr><tr><td>WHGACE<\/td><td>1 dan<\/td><td>Kola\u010di\u0107 za balansiranje optere\u0107enja s ciljem ispravnog pona\u0161anja Internet stranice<\/td><\/tr><tr><td>WHGCOOKIECONSENT<\/td><td>6 mjeseci<\/td><td>Pam\u0107enje korisnikovog pristanka<\/td><\/tr><tr><td>Youtube<\/td><td><\/td><td>Ugra\u0111ujemo video sadr\u017eaj s YouTube programa koriste\u0107i YouTube-ov na\u010din pobolj\u0161ane privatnosti. Ovaj na\u010din mo\u017ee pospremiti kola\u010di\u0107e na Va\u0161e ra\u010dunalo nakon \u0161to kliknete na YouTube video player, ali YouTube ne\u0107e pohraniti kola\u010di\u0107e osobne identifikacije za pokretanje ugra\u0111enih videa koriste\u0107i metodu pobolj\u0161ane privatnosti<\/td><\/tr><\/tbody><\/table><\/figure>\n\n\n\n<p><strong>Kontakt<\/strong><br>Ukoliko ne razumijete bilo koji dio izjave povjerljivosti, slobodno nas mo\u017eete kontaktirati na e-mail \u00a0<a rel=\"noreferrer noopener\" href=\"mailto:info@histriaproject.com\" target=\"_blank\">info@histriaproject.com<\/a><\/p>\n","protected":false},"excerpt":{"rendered":"<p>Ova izjava o povjerljivosti \u0107e Vam pru\u017eiti vi\u0161e informacija o podacima koje dobivamo putem na\u0161ih internetskih stranica i internetskih stranica koje za nas izra\u0111uju na\u0161i partneri, te\u00a0kako ih dalje koristimo, odr\u017eavamo i \u0161titimo. Ova Izjava o povjerljivosti se odnosi na sve internet stranice HISTRIA PROJECT d.o.o.\u00a0, http:\/\/www.histriaproject.com\/ U ovom tekstu, \u201cmi\u201d, \u201cnas\u201d, \u201cna\u0161e\u201d, \u201cnama\u201d, \u201cna\u0161ih\u201d, [&hellip;]<\/p>\n","protected":false},"author":1,"featured_media":0,"parent":0,"menu_order":0,"comment_status":"closed","ping_status":"open","template":"","meta":{"_et_pb_use_builder":"","_et_pb_old_content":"","_et_gb_content_width":"","footnotes":""},"class_list":["post-3","page","type-page","status-publish","hentry"],"yoast_head":"<!-- This site is optimized with the Yoast SEO plugin v23.9 - https:\/\/yoast.com\/wordpress\/plugins\/seo\/ -->\n<title>Pravila privatnosti - Histria Project<\/title>\n<meta name=\"robots\" content=\"index, follow, max-snippet:-1, max-image-preview:large, max-video-preview:-1\" \/>\n<link rel=\"canonical\" href=\"https:\/\/www.histriaproject.com\/hr\/pravila-privatnosti\/\" \/>\n<meta property=\"og:locale\" content=\"hr_HR\" \/>\n<meta property=\"og:type\" content=\"article\" \/>\n<meta property=\"og:title\" content=\"Pravila privatnosti - Histria Project\" \/>\n<meta property=\"og:description\" content=\"Ova izjava o povjerljivosti \u0107e Vam pru\u017eiti vi\u0161e informacija o podacima koje dobivamo putem na\u0161ih internetskih stranica i internetskih stranica koje za nas izra\u0111uju na\u0161i partneri, te\u00a0kako ih dalje koristimo, odr\u017eavamo i \u0161titimo. Ova Izjava o povjerljivosti se odnosi na sve internet stranice HISTRIA PROJECT d.o.o.\u00a0, http:\/\/www.histriaproject.com\/ U ovom tekstu, \u201cmi\u201d, \u201cnas\u201d, \u201cna\u0161e\u201d, \u201cnama\u201d, \u201cna\u0161ih\u201d, [&hellip;]\" \/>\n<meta property=\"og:url\" content=\"https:\/\/www.histriaproject.com\/hr\/pravila-privatnosti\/\" \/>\n<meta property=\"og:site_name\" content=\"Histria Project\" \/>\n<meta property=\"article:modified_time\" content=\"2021-01-16T12:33:17+00:00\" \/>\n<meta name=\"twitter:card\" content=\"summary_large_image\" \/>\n<meta name=\"twitter:label1\" content=\"Procijenjeno vrijeme \u010ditanja\" \/>\n\t<meta name=\"twitter:data1\" content=\"4 minute\" \/>\n<script type=\"application\/ld+json\" class=\"yoast-schema-graph\">{\"@context\":\"https:\/\/schema.org\",\"@graph\":[{\"@type\":\"WebPage\",\"@id\":\"https:\/\/www.histriaproject.com\/hr\/pravila-privatnosti\/\",\"url\":\"https:\/\/www.histriaproject.com\/hr\/pravila-privatnosti\/\",\"name\":\"Pravila privatnosti - Histria Project\",\"isPartOf\":{\"@id\":\"https:\/\/www.histriaproject.com\/#website\"},\"datePublished\":\"2020-12-05T19:01:57+00:00\",\"dateModified\":\"2021-01-16T12:33:17+00:00\",\"breadcrumb\":{\"@id\":\"https:\/\/www.histriaproject.com\/hr\/pravila-privatnosti\/#breadcrumb\"},\"inLanguage\":\"hr\",\"potentialAction\":[{\"@type\":\"ReadAction\",\"target\":[\"https:\/\/www.histriaproject.com\/hr\/pravila-privatnosti\/\"]}]},{\"@type\":\"BreadcrumbList\",\"@id\":\"https:\/\/www.histriaproject.com\/hr\/pravila-privatnosti\/#breadcrumb\",\"itemListElement\":[{\"@type\":\"ListItem\",\"position\":1,\"name\":\"Home\",\"item\":\"https:\/\/www.histriaproject.com\/hr\/\"},{\"@type\":\"ListItem\",\"position\":2,\"name\":\"Pravila privatnosti\"}]},{\"@type\":\"WebSite\",\"@id\":\"https:\/\/www.histriaproject.com\/#website\",\"url\":\"https:\/\/www.histriaproject.com\/\",\"name\":\"Histria Project\",\"description\":\"Personal Business Solutions\",\"potentialAction\":[{\"@type\":\"SearchAction\",\"target\":{\"@type\":\"EntryPoint\",\"urlTemplate\":\"https:\/\/www.histriaproject.com\/?s={search_term_string}\"},\"query-input\":{\"@type\":\"PropertyValueSpecification\",\"valueRequired\":true,\"valueName\":\"search_term_string\"}}],\"inLanguage\":\"hr\"}]}<\/script>\n<!-- \/ Yoast SEO plugin. -->","yoast_head_json":{"title":"Pravila privatnosti - Histria Project","robots":{"index":"index","follow":"follow","max-snippet":"max-snippet:-1","max-image-preview":"max-image-preview:large","max-video-preview":"max-video-preview:-1"},"canonical":"https:\/\/www.histriaproject.com\/hr\/pravila-privatnosti\/","og_locale":"hr_HR","og_type":"article","og_title":"Pravila privatnosti - Histria Project","og_description":"Ova izjava o povjerljivosti \u0107e Vam pru\u017eiti vi\u0161e informacija o podacima koje dobivamo putem na\u0161ih internetskih stranica i internetskih stranica koje za nas izra\u0111uju na\u0161i partneri, te\u00a0kako ih dalje koristimo, odr\u017eavamo i \u0161titimo. Ova Izjava o povjerljivosti se odnosi na sve internet stranice HISTRIA PROJECT d.o.o.\u00a0, http:\/\/www.histriaproject.com\/ U ovom tekstu, \u201cmi\u201d, \u201cnas\u201d, \u201cna\u0161e\u201d, \u201cnama\u201d, \u201cna\u0161ih\u201d, [&hellip;]","og_url":"https:\/\/www.histriaproject.com\/hr\/pravila-privatnosti\/","og_site_name":"Histria Project","article_modified_time":"2021-01-16T12:33:17+00:00","twitter_card":"summary_large_image","twitter_misc":{"Procijenjeno vrijeme \u010ditanja":"4 minute"},"schema":{"@context":"https:\/\/schema.org","@graph":[{"@type":"WebPage","@id":"https:\/\/www.histriaproject.com\/hr\/pravila-privatnosti\/","url":"https:\/\/www.histriaproject.com\/hr\/pravila-privatnosti\/","name":"Pravila privatnosti - Histria Project","isPartOf":{"@id":"https:\/\/www.histriaproject.com\/#website"},"datePublished":"2020-12-05T19:01:57+00:00","dateModified":"2021-01-16T12:33:17+00:00","breadcrumb":{"@id":"https:\/\/www.histriaproject.com\/hr\/pravila-privatnosti\/#breadcrumb"},"inLanguage":"hr","potentialAction":[{"@type":"ReadAction","target":["https:\/\/www.histriaproject.com\/hr\/pravila-privatnosti\/"]}]},{"@type":"BreadcrumbList","@id":"https:\/\/www.histriaproject.com\/hr\/pravila-privatnosti\/#breadcrumb","itemListElement":[{"@type":"ListItem","position":1,"name":"Home","item":"https:\/\/www.histriaproject.com\/hr\/"},{"@type":"ListItem","position":2,"name":"Pravila privatnosti"}]},{"@type":"WebSite","@id":"https:\/\/www.histriaproject.com\/#website","url":"https:\/\/www.histriaproject.com\/","name":"Histria Project","description":"Personal Business Solutions","potentialAction":[{"@type":"SearchAction","target":{"@type":"EntryPoint","urlTemplate":"https:\/\/www.histriaproject.com\/?s={search_term_string}"},"query-input":{"@type":"PropertyValueSpecification","valueRequired":true,"valueName":"search_term_string"}}],"inLanguage":"hr"}]}},"_links":{"self":[{"href":"https:\/\/www.histriaproject.com\/hr\/wp-json\/wp\/v2\/pages\/3","targetHints":{"allow":["GET"]}}],"collection":[{"href":"https:\/\/www.histriaproject.com\/hr\/wp-json\/wp\/v2\/pages"}],"about":[{"href":"https:\/\/www.histriaproject.com\/hr\/wp-json\/wp\/v2\/types\/page"}],"author":[{"embeddable":true,"href":"https:\/\/www.histriaproject.com\/hr\/wp-json\/wp\/v2\/users\/1"}],"replies":[{"embeddable":true,"href":"https:\/\/www.histriaproject.com\/hr\/wp-json\/wp\/v2\/comments?post=3"}],"version-history":[{"count":2,"href":"https:\/\/www.histriaproject.com\/hr\/wp-json\/wp\/v2\/pages\/3\/revisions"}],"predecessor-version":[{"id":1168,"href":"https:\/\/www.histriaproject.com\/hr\/wp-json\/wp\/v2\/pages\/3\/revisions\/1168"}],"wp:attachment":[{"href":"https:\/\/www.histriaproject.com\/hr\/wp-json\/wp\/v2\/media?parent=3"}],"curies":[{"name":"wp","href":"https:\/\/api.w.org\/{rel}","templated":true}]}}